{"id":17,"date":"2013-10-21T20:49:30","date_gmt":"2013-10-21T20:49:30","guid":{"rendered":"http:\/\/fysioterapiahaltia.net\/?page_id=17"},"modified":"2018-06-05T19:13:48","modified_gmt":"2018-06-05T19:13:48","slug":"yhteystiedot","status":"publish","type":"page","link":"https:\/\/fysioterapiahaltia.net\/?page_id=17","title":{"rendered":"Yhteystiedot"},"content":{"rendered":"<p style=\"text-align: left;\"><a href=\"https:\/\/i1.wp.com\/fysioterapiahaltia.net\/wp-content\/uploads\/2013\/11\/Nettisivukuvat-2-064.jpg\"><img data-attachment-id=\"134\" data-permalink=\"https:\/\/fysioterapiahaltia.net\/?attachment_id=134\" data-orig-file=\"https:\/\/i1.wp.com\/fysioterapiahaltia.net\/wp-content\/uploads\/2013\/11\/Nettisivukuvat-2-064.jpg?fit=480%2C720&amp;ssl=1\" data-orig-size=\"480,720\" data-comments-opened=\"1\" data-image-meta=\"{&quot;aperture&quot;:&quot;4&quot;,&quot;credit&quot;:&quot;&quot;,&quot;camera&quot;:&quot;Canon EOS 600D&quot;,&quot;caption&quot;:&quot;&quot;,&quot;created_timestamp&quot;:&quot;1383335282&quot;,&quot;copyright&quot;:&quot;&quot;,&quot;focal_length&quot;:&quot;18&quot;,&quot;iso&quot;:&quot;400&quot;,&quot;shutter_speed&quot;:&quot;0.0166666666667&quot;,&quot;title&quot;:&quot;&quot;}\" data-image-title=\"Nettisivukuvat 2 064\" data-image-description=\"\" data-medium-file=\"https:\/\/i1.wp.com\/fysioterapiahaltia.net\/wp-content\/uploads\/2013\/11\/Nettisivukuvat-2-064.jpg?fit=200%2C300&amp;ssl=1\" data-large-file=\"https:\/\/i1.wp.com\/fysioterapiahaltia.net\/wp-content\/uploads\/2013\/11\/Nettisivukuvat-2-064.jpg?fit=480%2C720&amp;ssl=1\" loading=\"lazy\" class=\"size-thumbnail wp-image-134 alignleft\" src=\"https:\/\/i1.wp.com\/fysioterapiahaltia.net\/wp-content\/uploads\/2013\/11\/Nettisivukuvat-2-064.jpg?resize=150%2C150\" alt=\"Nettisivukuvat 2 064\" width=\"150\" height=\"150\" srcset=\"https:\/\/i1.wp.com\/fysioterapiahaltia.net\/wp-content\/uploads\/2013\/11\/Nettisivukuvat-2-064.jpg?resize=150%2C150&amp;ssl=1 150w, https:\/\/i1.wp.com\/fysioterapiahaltia.net\/wp-content\/uploads\/2013\/11\/Nettisivukuvat-2-064.jpg?zoom=2&amp;resize=150%2C150 300w, https:\/\/i1.wp.com\/fysioterapiahaltia.net\/wp-content\/uploads\/2013\/11\/Nettisivukuvat-2-064.jpg?zoom=3&amp;resize=150%2C150 450w\" sizes=\"(max-width: 150px) 100vw, 150px\" data-recalc-dims=\"1\" \/><\/a>Fysioterapeutti, NDT\/Bobath -terapeutti ja -vauvaterapeutti\u00a0Maarit Haltia<br \/>\nSaaristenkatu 22<br \/>\n13100 H\u00e4meenlinna<br \/>\n044-3768334<br \/>\nmaarit.haltia(at)pp.inet.fi<\/p>\n<p style=\"text-align: left;\"><a href=\"http:\/\/www.fysioterapiahaltia.net\">www.fysioterapiahaltia.net<\/a><\/p>\n<p><iframe loading=\"lazy\" src=\"https:\/\/maps.google.fi\/maps?f=q&amp;source=s_q&amp;hl=fi&amp;geocode=&amp;q=Saaristenkatu+22,+H%C3%A4meenlinna&amp;aq=0&amp;oq=Saaristenkatu+22&amp;sll=60.998186,24.45733&amp;sspn=0.006398,0.021136&amp;ie=UTF8&amp;hq=&amp;hnear=Saaristenkatu+22,+13100+H%C3%A4meenlinna&amp;ll=60.998186,24.45733&amp;spn=0.006398,0.021136&amp;t=m&amp;z=14&amp;iwloc=A&amp;output=embed\" width=\"425\" height=\"350\" frameborder=\"0\" marginwidth=\"0\" marginheight=\"0\" scrolling=\"no\"><\/iframe><br \/>\n<small><a style=\"color: #0000ff; text-align: left;\" href=\"https:\/\/maps.google.fi\/maps?f=q&amp;source=embed&amp;hl=fi&amp;geocode=&amp;q=Saaristenkatu+22,+H%C3%A4meenlinna&amp;aq=0&amp;oq=Saaristenkatu+22&amp;sll=60.998186,24.45733&amp;sspn=0.006398,0.021136&amp;ie=UTF8&amp;hq=&amp;hnear=Saaristenkatu+22,+13100+H%C3%A4meenlinna&amp;ll=60.998186,24.45733&amp;spn=0.006398,0.021136&amp;t=m&amp;z=14&amp;iwloc=A\">N\u00e4yt\u00e4 suurempi kartta<\/a><\/small><\/p>\n","protected":false},"excerpt":{"rendered":"<p>Fysioterapeutti, NDT\/Bobath -terapeutti ja -vauvaterapeutti\u00a0Maarit Haltia Saaristenkatu 22 13100 H\u00e4meenlinna 044-3768334 maarit.haltia(at)pp.inet.fi www.fysioterapiahaltia.net N\u00e4yt\u00e4 suurempi kartta<\/p>\n","protected":false},"author":1,"featured_media":0,"parent":0,"menu_order":0,"comment_status":"closed","ping_status":"closed","template":"","meta":[],"_links":{"self":[{"href":"https:\/\/fysioterapiahaltia.net\/index.php?rest_route=\/wp\/v2\/pages\/17"}],"collection":[{"href":"https:\/\/fysioterapiahaltia.net\/index.php?rest_route=\/wp\/v2\/pages"}],"about":[{"href":"https:\/\/fysioterapiahaltia.net\/index.php?rest_route=\/wp\/v2\/types\/page"}],"author":[{"embeddable":true,"href":"https:\/\/fysioterapiahaltia.net\/index.php?rest_route=\/wp\/v2\/users\/1"}],"replies":[{"embeddable":true,"href":"https:\/\/fysioterapiahaltia.net\/index.php?rest_route=%2Fwp%2Fv2%2Fcomments&post=17"}],"version-history":[{"count":18,"href":"https:\/\/fysioterapiahaltia.net\/index.php?rest_route=\/wp\/v2\/pages\/17\/revisions"}],"predecessor-version":[{"id":205,"href":"https:\/\/fysioterapiahaltia.net\/index.php?rest_route=\/wp\/v2\/pages\/17\/revisions\/205"}],"wp:attachment":[{"href":"https:\/\/fysioterapiahaltia.net\/index.php?rest_route=%2Fwp%2Fv2%2Fmedia&parent=17"}],"curies":[{"name":"wp","href":"https:\/\/api.w.org\/{rel}","templated":true}]}}