{"id":4,"date":"2013-10-21T18:05:32","date_gmt":"2013-10-21T18:05:32","guid":{"rendered":"http:\/\/fysioterapiahaltia.net\/?page_id=4"},"modified":"2022-01-04T13:18:49","modified_gmt":"2022-01-04T13:18:49","slug":"etusivu","status":"publish","type":"page","link":"https:\/\/fysioterapiahaltia.net\/","title":{"rendered":"Fysioterapia"},"content":{"rendered":"<p><a href=\"https:\/\/i0.wp.com\/fysioterapiahaltia.net\/wp-content\/uploads\/2013\/10\/Nettisivut-009.jpg\"><img data-attachment-id=\"34\" data-permalink=\"https:\/\/fysioterapiahaltia.net\/?attachment_id=34\" data-orig-file=\"https:\/\/i0.wp.com\/fysioterapiahaltia.net\/wp-content\/uploads\/2013\/10\/Nettisivut-009.jpg?fit=480%2C720&amp;ssl=1\" data-orig-size=\"480,720\" data-comments-opened=\"1\" data-image-meta=\"{&quot;aperture&quot;:&quot;4&quot;,&quot;credit&quot;:&quot;&quot;,&quot;camera&quot;:&quot;Canon EOS 600D&quot;,&quot;caption&quot;:&quot;&quot;,&quot;created_timestamp&quot;:&quot;1380564284&quot;,&quot;copyright&quot;:&quot;&quot;,&quot;focal_length&quot;:&quot;18&quot;,&quot;iso&quot;:&quot;400&quot;,&quot;shutter_speed&quot;:&quot;0.0166666666667&quot;,&quot;title&quot;:&quot;&quot;}\" data-image-title=\"Nettisivut 009\" data-image-description=\"&lt;p&gt;Tytt\u00f6 h\u00e4m\u00e4h\u00e4kkikeinussa&lt;\/p&gt;\n\" data-medium-file=\"https:\/\/i0.wp.com\/fysioterapiahaltia.net\/wp-content\/uploads\/2013\/10\/Nettisivut-009.jpg?fit=200%2C300&amp;ssl=1\" data-large-file=\"https:\/\/i0.wp.com\/fysioterapiahaltia.net\/wp-content\/uploads\/2013\/10\/Nettisivut-009.jpg?fit=480%2C720&amp;ssl=1\" loading=\"lazy\" class=\"alignleft size-medium wp-image-34\" src=\"https:\/\/i0.wp.com\/fysioterapiahaltia.net\/wp-content\/uploads\/2013\/10\/Nettisivut-009.jpg?resize=200%2C300\" alt=\"Nettisivut 009\" width=\"200\" height=\"300\" srcset=\"https:\/\/i0.wp.com\/fysioterapiahaltia.net\/wp-content\/uploads\/2013\/10\/Nettisivut-009.jpg?resize=200%2C300&amp;ssl=1 200w, https:\/\/i0.wp.com\/fysioterapiahaltia.net\/wp-content\/uploads\/2013\/10\/Nettisivut-009.jpg?w=480&amp;ssl=1 480w\" sizes=\"(max-width: 200px) 100vw, 200px\" data-recalc-dims=\"1\" \/><\/a>Fysioterapia Haltia\u00a0tarjoaa yli 20 vuoden ty\u00f6kokemuksella vauvojen, lasten ja nuorten fysioterapiapalveluja\u00a0Kanta-H\u00e4meen alueella (H\u00e4meenlinna, Hattula, Janakkala, Tammela, Forssa ja Jokioinen) koti-\/p\u00e4iv\u00e4koti-\/kouluk\u00e4yntein\u00e4, vastaanotolla ja allasterapiana.<\/p>\n<ul>\n<li>Kelan j\u00e4rjest\u00e4m\u00e4 ja rahoittama vaativa l\u00e4\u00e4kinn\u00e4llinen kuntoutus. Kela maksaa kuntoutujan etuudet. Tutustu Kelan sivuihin www.kela.fi ja ota tarvittaessa yhteytt\u00e4.<\/li>\n<li>Kanta-H\u00e4meen keskussairaalan palvelusetelill\u00e4 rahoitettu kuntoutus<\/li>\n<li>H\u00e4meenlinnan kaupungin Terveyspalvelujen palvelusetelill\u00e4 rahoitettu kuntoutus<\/li>\n<li>L\u00e4\u00e4k\u00e4rin l\u00e4hetteell\u00e4 ja itse maksavien kuntoututus<\/li>\n<\/ul>\n<p>Asiakkaina on vauvoja, lapsia ja nuoria, joilla on esim. kire\u00e4 kielij\u00e4nne, CP-vamma, aistivamma, kehitysvamma, neurologinen sairaus tai vamma, tuki- ja liikuntaelin- tai reumaattinen sairaus, kielen ja puheen h\u00e4iri\u00f6it\u00e4, liikkumisen haasteita tai motorisen kehityksen viivett\u00e4. Fysioterapian tavoitteena on edist\u00e4\u00e4 tai yll\u00e4pit\u00e4\u00e4 liikkumis- ja toimintakyky\u00e4.<\/p>\n<p>Fysioterapiaty\u00f6skentelyni perustuu kokonaisvaltaiseen ja ihmisl\u00e4heiseen l\u00e4hestysmistapaan. Onnistumisen\u00a0kokemukset ja ilo ovat osa terapiaa.\u00a0Asiakasl\u00e4ht\u00f6isyydess\u00e4 keskeist\u00e4 on asiakkaan itsem\u00e4\u00e4r\u00e4\u00e4misoikeuden, vakaumuksen ja ihmisarvon kunnioittaminen ja ammattitaitoinen toiminta. Tarjoan terapiaa suomeksi, ruotsiksi, saksaksi ja englanniksi. Tarvittaessa k\u00e4yt\u00e4n tukiviittomia ja graafisia merkkej\u00e4.<\/p>\n<p><strong><em>&#8221;Jokaisen uuden p\u00e4iv\u00e4n kohtaaminen ilolla ja innostuksella, odottaen ihmeellisi\u00e4 asioita tapahtuvaksi.&#8221;<\/em><\/strong><\/p>\n","protected":false},"excerpt":{"rendered":"<p>Fysioterapia Haltia\u00a0tarjoaa yli 20 vuoden ty\u00f6kokemuksella vauvojen, lasten ja nuorten fysioterapiapalveluja\u00a0Kanta-H\u00e4meen alueella (H\u00e4meenlinna, Hattula, Janakkala, Tammela, Forssa ja Jokioinen) koti-\/p\u00e4iv\u00e4koti-\/kouluk\u00e4yntein\u00e4, vastaanotolla ja allasterapiana. Kelan j\u00e4rjest\u00e4m\u00e4 ja rahoittama vaativa l\u00e4\u00e4kinn\u00e4llinen kuntoutus. Kela maksaa kuntoutujan etuudet. Tutustu Kelan sivuihin www.kela.fi ja ota tarvittaessa yhteytt\u00e4. Kanta-H\u00e4meen keskussairaalan palvelusetelill\u00e4 rahoitettu kuntoutus H\u00e4meenlinnan kaupungin Terveyspalvelujen palvelusetelill\u00e4 rahoitettu kuntoutus L\u00e4\u00e4k\u00e4rin l\u00e4hetteell\u00e4 [&hellip;]<\/p>\n","protected":false},"author":1,"featured_media":0,"parent":0,"menu_order":0,"comment_status":"closed","ping_status":"closed","template":"","meta":[],"_links":{"self":[{"href":"https:\/\/fysioterapiahaltia.net\/index.php?rest_route=\/wp\/v2\/pages\/4"}],"collection":[{"href":"https:\/\/fysioterapiahaltia.net\/index.php?rest_route=\/wp\/v2\/pages"}],"about":[{"href":"https:\/\/fysioterapiahaltia.net\/index.php?rest_route=\/wp\/v2\/types\/page"}],"author":[{"embeddable":true,"href":"https:\/\/fysioterapiahaltia.net\/index.php?rest_route=\/wp\/v2\/users\/1"}],"replies":[{"embeddable":true,"href":"https:\/\/fysioterapiahaltia.net\/index.php?rest_route=%2Fwp%2Fv2%2Fcomments&post=4"}],"version-history":[{"count":23,"href":"https:\/\/fysioterapiahaltia.net\/index.php?rest_route=\/wp\/v2\/pages\/4\/revisions"}],"predecessor-version":[{"id":263,"href":"https:\/\/fysioterapiahaltia.net\/index.php?rest_route=\/wp\/v2\/pages\/4\/revisions\/263"}],"wp:attachment":[{"href":"https:\/\/fysioterapiahaltia.net\/index.php?rest_route=%2Fwp%2Fv2%2Fmedia&parent=4"}],"curies":[{"name":"wp","href":"https:\/\/api.w.org\/{rel}","templated":true}]}}