{"id":6,"date":"2013-10-21T20:45:21","date_gmt":"2013-10-21T20:45:21","guid":{"rendered":"http:\/\/fysioterapiahaltia.net\/?page_id=6"},"modified":"2013-11-06T06:09:31","modified_gmt":"2013-11-06T06:09:31","slug":"tilat","status":"publish","type":"page","link":"https:\/\/fysioterapiahaltia.net\/?page_id=6","title":{"rendered":"Tilat"},"content":{"rendered":"<div id=\"attachment_37\" style=\"width: 310px\" class=\"wp-caption alignleft\"><a href=\"https:\/\/i1.wp.com\/fysioterapiahaltia.net\/wp-content\/uploads\/2013\/10\/Nettisivut-019.jpg\"><img aria-describedby=\"caption-attachment-37\" data-attachment-id=\"37\" data-permalink=\"https:\/\/fysioterapiahaltia.net\/?attachment_id=37\" data-orig-file=\"https:\/\/i1.wp.com\/fysioterapiahaltia.net\/wp-content\/uploads\/2013\/10\/Nettisivut-019.jpg?fit=720%2C480&amp;ssl=1\" data-orig-size=\"720,480\" data-comments-opened=\"1\" data-image-meta=\"{&quot;aperture&quot;:&quot;4&quot;,&quot;credit&quot;:&quot;&quot;,&quot;camera&quot;:&quot;Canon EOS 600D&quot;,&quot;caption&quot;:&quot;&quot;,&quot;created_timestamp&quot;:&quot;1380565430&quot;,&quot;copyright&quot;:&quot;&quot;,&quot;focal_length&quot;:&quot;18&quot;,&quot;iso&quot;:&quot;400&quot;,&quot;shutter_speed&quot;:&quot;0.0166666666667&quot;,&quot;title&quot;:&quot;&quot;}\" data-image-title=\"\" data-image-description=\"&lt;p&gt;iso jumppatila&lt;\/p&gt;\n\" data-medium-file=\"https:\/\/i1.wp.com\/fysioterapiahaltia.net\/wp-content\/uploads\/2013\/10\/Nettisivut-019.jpg?fit=300%2C200&amp;ssl=1\" data-large-file=\"https:\/\/i1.wp.com\/fysioterapiahaltia.net\/wp-content\/uploads\/2013\/10\/Nettisivut-019.jpg?fit=625%2C417&amp;ssl=1\" loading=\"lazy\" class=\"size-medium wp-image-37   \" alt=\"Iso liikuntatiila\" src=\"https:\/\/i1.wp.com\/fysioterapiahaltia.net\/wp-content\/uploads\/2013\/10\/Nettisivut-019.jpg?resize=300%2C200\" width=\"300\" height=\"200\" srcset=\"https:\/\/i1.wp.com\/fysioterapiahaltia.net\/wp-content\/uploads\/2013\/10\/Nettisivut-019.jpg?resize=300%2C200&amp;ssl=1 300w, https:\/\/i1.wp.com\/fysioterapiahaltia.net\/wp-content\/uploads\/2013\/10\/Nettisivut-019.jpg?w=720&amp;ssl=1 720w\" sizes=\"(max-width: 300px) 100vw, 300px\" data-recalc-dims=\"1\" \/><\/a><p id=\"caption-attachment-37\" class=\"wp-caption-text\">Iso liikuntatila<\/p><\/div>\n<div id=\"attachment_35\" style=\"width: 310px\" class=\"wp-caption alignright\"><a href=\"https:\/\/i2.wp.com\/fysioterapiahaltia.net\/wp-content\/uploads\/2013\/10\/Nettisivut-026.jpg\"><img aria-describedby=\"caption-attachment-35\" data-attachment-id=\"35\" data-permalink=\"https:\/\/fysioterapiahaltia.net\/?attachment_id=35\" data-orig-file=\"https:\/\/i2.wp.com\/fysioterapiahaltia.net\/wp-content\/uploads\/2013\/10\/Nettisivut-026.jpg?fit=720%2C480&amp;ssl=1\" data-orig-size=\"720,480\" data-comments-opened=\"1\" data-image-meta=\"{&quot;aperture&quot;:&quot;4&quot;,&quot;credit&quot;:&quot;&quot;,&quot;camera&quot;:&quot;Canon EOS 600D&quot;,&quot;caption&quot;:&quot;&quot;,&quot;created_timestamp&quot;:&quot;1380566842&quot;,&quot;copyright&quot;:&quot;&quot;,&quot;focal_length&quot;:&quot;18&quot;,&quot;iso&quot;:&quot;400&quot;,&quot;shutter_speed&quot;:&quot;0.0166666666667&quot;,&quot;title&quot;:&quot;&quot;}\" data-image-title=\"Nettisivut 026\" data-image-description=\"&lt;p&gt;Pieni leikkihuone&lt;\/p&gt;\n\" data-medium-file=\"https:\/\/i2.wp.com\/fysioterapiahaltia.net\/wp-content\/uploads\/2013\/10\/Nettisivut-026.jpg?fit=300%2C200&amp;ssl=1\" data-large-file=\"https:\/\/i2.wp.com\/fysioterapiahaltia.net\/wp-content\/uploads\/2013\/10\/Nettisivut-026.jpg?fit=625%2C417&amp;ssl=1\" loading=\"lazy\" class=\"size-medium wp-image-35\" alt=\"Pieni leikkihuone\" src=\"https:\/\/i2.wp.com\/fysioterapiahaltia.net\/wp-content\/uploads\/2013\/10\/Nettisivut-026.jpg?resize=300%2C200\" width=\"300\" height=\"200\" srcset=\"https:\/\/i2.wp.com\/fysioterapiahaltia.net\/wp-content\/uploads\/2013\/10\/Nettisivut-026.jpg?resize=300%2C200&amp;ssl=1 300w, https:\/\/i2.wp.com\/fysioterapiahaltia.net\/wp-content\/uploads\/2013\/10\/Nettisivut-026.jpg?w=720&amp;ssl=1 720w\" sizes=\"(max-width: 300px) 100vw, 300px\" data-recalc-dims=\"1\" \/><\/a><p id=\"caption-attachment-35\" class=\"wp-caption-text\">Pieni leikkihuone<\/p><\/div>\n<p>Vastaanottotilat sijaitsevat H\u00e4meenlinnan keskustassa, osoitteessa\u00a0<a href=\"http:\/\/fysioterapiahaltia.net\/?page_id=17\" target=\"_blank\">Saaristenkatu 22. <\/a>Tilat ovat yhteisk\u00e4yt\u00f6ss\u00e4 toimintaterapeutti <a href=\"http:\/\/salot.fi\/toimintaterapia\/?page_id=12\" target=\"_blank\">Satu\u00a0Salon <\/a>kanssa ja ne on suunniteltu lasten ja nuorten kuntoukseen. Toisessa kerroksessa\u00a0sijaitseviin tiloihin\u00a0p\u00e4\u00e4see vain portaita pitkin.\u00a0Terapiahuoneita on kaksi: isompi liikuntatila ja pienempi peli\/leikkihuone. Monipuolinen v\u00e4lineist\u00f6\u00a0tukee\u00a0motoriikan ja sensoriikan kuntoutusta.<\/p>\n<div id=\"attachment_41\" style=\"width: 310px\" class=\"wp-caption alignleft\"><a href=\"https:\/\/i2.wp.com\/fysioterapiahaltia.net\/wp-content\/uploads\/2013\/10\/Nettisivut-029.jpg\"><img aria-describedby=\"caption-attachment-41\" data-attachment-id=\"41\" data-permalink=\"https:\/\/fysioterapiahaltia.net\/?attachment_id=41\" data-orig-file=\"https:\/\/i2.wp.com\/fysioterapiahaltia.net\/wp-content\/uploads\/2013\/10\/Nettisivut-029.jpg?fit=720%2C480&amp;ssl=1\" data-orig-size=\"720,480\" data-comments-opened=\"1\" data-image-meta=\"{&quot;aperture&quot;:&quot;4&quot;,&quot;credit&quot;:&quot;&quot;,&quot;camera&quot;:&quot;Canon EOS 600D&quot;,&quot;caption&quot;:&quot;&quot;,&quot;created_timestamp&quot;:&quot;1380567150&quot;,&quot;copyright&quot;:&quot;&quot;,&quot;focal_length&quot;:&quot;18&quot;,&quot;iso&quot;:&quot;400&quot;,&quot;shutter_speed&quot;:&quot;0.0166666666667&quot;,&quot;title&quot;:&quot;&quot;}\" data-image-title=\"Nettisivut 029\" data-image-description=\"&lt;p&gt;Odotustila&lt;\/p&gt;\n\" data-medium-file=\"https:\/\/i2.wp.com\/fysioterapiahaltia.net\/wp-content\/uploads\/2013\/10\/Nettisivut-029.jpg?fit=300%2C200&amp;ssl=1\" data-large-file=\"https:\/\/i2.wp.com\/fysioterapiahaltia.net\/wp-content\/uploads\/2013\/10\/Nettisivut-029.jpg?fit=625%2C417&amp;ssl=1\" loading=\"lazy\" class=\"size-medium wp-image-41\" alt=\"Odotustila\" src=\"https:\/\/i2.wp.com\/fysioterapiahaltia.net\/wp-content\/uploads\/2013\/10\/Nettisivut-029.jpg?resize=300%2C200\" width=\"300\" height=\"200\" srcset=\"https:\/\/i2.wp.com\/fysioterapiahaltia.net\/wp-content\/uploads\/2013\/10\/Nettisivut-029.jpg?resize=300%2C200&amp;ssl=1 300w, https:\/\/i2.wp.com\/fysioterapiahaltia.net\/wp-content\/uploads\/2013\/10\/Nettisivut-029.jpg?w=720&amp;ssl=1 720w\" sizes=\"(max-width: 300px) 100vw, 300px\" data-recalc-dims=\"1\" \/><\/a><p id=\"caption-attachment-41\" class=\"wp-caption-text\">Odotustila<\/p><\/div>\n<div id=\"attachment_28\" style=\"width: 310px\" class=\"wp-caption alignright\"><a href=\"https:\/\/i0.wp.com\/fysioterapiahaltia.net\/wp-content\/uploads\/2013\/10\/Nettisivut-020.jpg\"><img aria-describedby=\"caption-attachment-28\" data-attachment-id=\"28\" data-permalink=\"https:\/\/fysioterapiahaltia.net\/?attachment_id=28\" data-orig-file=\"https:\/\/i0.wp.com\/fysioterapiahaltia.net\/wp-content\/uploads\/2013\/10\/Nettisivut-020.jpg?fit=720%2C480&amp;ssl=1\" data-orig-size=\"720,480\" data-comments-opened=\"1\" data-image-meta=\"{&quot;aperture&quot;:&quot;4&quot;,&quot;credit&quot;:&quot;&quot;,&quot;camera&quot;:&quot;Canon EOS 600D&quot;,&quot;caption&quot;:&quot;&quot;,&quot;created_timestamp&quot;:&quot;1380565807&quot;,&quot;copyright&quot;:&quot;&quot;,&quot;focal_length&quot;:&quot;21&quot;,&quot;iso&quot;:&quot;400&quot;,&quot;shutter_speed&quot;:&quot;0.0166666666667&quot;,&quot;title&quot;:&quot;&quot;}\" data-image-title=\"Nettisivut 020\" data-image-description=\"&lt;p&gt;Rodeokeinu&lt;\/p&gt;\n\" data-medium-file=\"https:\/\/i0.wp.com\/fysioterapiahaltia.net\/wp-content\/uploads\/2013\/10\/Nettisivut-020.jpg?fit=300%2C200&amp;ssl=1\" data-large-file=\"https:\/\/i0.wp.com\/fysioterapiahaltia.net\/wp-content\/uploads\/2013\/10\/Nettisivut-020.jpg?fit=625%2C417&amp;ssl=1\" loading=\"lazy\" class=\"size-medium wp-image-28\" alt=\"Rodeokeinu\" src=\"https:\/\/i0.wp.com\/fysioterapiahaltia.net\/wp-content\/uploads\/2013\/10\/Nettisivut-020.jpg?resize=300%2C200\" width=\"300\" height=\"200\" srcset=\"https:\/\/i0.wp.com\/fysioterapiahaltia.net\/wp-content\/uploads\/2013\/10\/Nettisivut-020.jpg?resize=300%2C200&amp;ssl=1 300w, https:\/\/i0.wp.com\/fysioterapiahaltia.net\/wp-content\/uploads\/2013\/10\/Nettisivut-020.jpg?w=720&amp;ssl=1 720w\" sizes=\"(max-width: 300px) 100vw, 300px\" data-recalc-dims=\"1\" \/><\/a><p id=\"caption-attachment-28\" class=\"wp-caption-text\">Rodeokeinu<\/p><\/div>\n","protected":false},"excerpt":{"rendered":"<p>Vastaanottotilat sijaitsevat H\u00e4meenlinnan keskustassa, osoitteessa\u00a0Saaristenkatu 22. Tilat ovat yhteisk\u00e4yt\u00f6ss\u00e4 toimintaterapeutti Satu\u00a0Salon kanssa ja ne on suunniteltu lasten ja nuorten kuntoukseen. Toisessa kerroksessa\u00a0sijaitseviin tiloihin\u00a0p\u00e4\u00e4see vain portaita pitkin.\u00a0Terapiahuoneita on kaksi: isompi liikuntatila ja pienempi peli\/leikkihuone. Monipuolinen v\u00e4lineist\u00f6\u00a0tukee\u00a0motoriikan ja sensoriikan kuntoutusta.<\/p>\n","protected":false},"author":1,"featured_media":0,"parent":0,"menu_order":0,"comment_status":"closed","ping_status":"closed","template":"","meta":[],"_links":{"self":[{"href":"https:\/\/fysioterapiahaltia.net\/index.php?rest_route=\/wp\/v2\/pages\/6"}],"collection":[{"href":"https:\/\/fysioterapiahaltia.net\/index.php?rest_route=\/wp\/v2\/pages"}],"about":[{"href":"https:\/\/fysioterapiahaltia.net\/index.php?rest_route=\/wp\/v2\/types\/page"}],"author":[{"embeddable":true,"href":"https:\/\/fysioterapiahaltia.net\/index.php?rest_route=\/wp\/v2\/users\/1"}],"replies":[{"embeddable":true,"href":"https:\/\/fysioterapiahaltia.net\/index.php?rest_route=%2Fwp%2Fv2%2Fcomments&post=6"}],"version-history":[{"count":20,"href":"https:\/\/fysioterapiahaltia.net\/index.php?rest_route=\/wp\/v2\/pages\/6\/revisions"}],"predecessor-version":[{"id":185,"href":"https:\/\/fysioterapiahaltia.net\/index.php?rest_route=\/wp\/v2\/pages\/6\/revisions\/185"}],"wp:attachment":[{"href":"https:\/\/fysioterapiahaltia.net\/index.php?rest_route=%2Fwp%2Fv2%2Fmedia&parent=6"}],"curies":[{"name":"wp","href":"https:\/\/api.w.org\/{rel}","templated":true}]}}